{"id":2716,"date":"2018-02-15T18:22:25","date_gmt":"2018-02-15T18:22:25","guid":{"rendered":"https:\/\/blechservise.com\/%d0%bf%d1%80%d0%be%d0%b8%d0%b7%d0%b2%d0%be%d0%b4%d1%81%d1%82%d0%b2%d0%b5%d0%bd%d0%b8-%d1%85%d0%b0%d0%bb%d0%b5%d1%82%d0%b0-%d0%b8-%d1%84%d0%b8%d1%80%d0%bc%d0%b5%d0%bd%d0%b8-%d1%81%d0%b3%d1%80%d0%b0\/"},"modified":"2025-05-15T12:26:22","modified_gmt":"2025-05-15T09:26:22","slug":"produktions-und-lagerhallen","status":"publish","type":"page","link":"https:\/\/blechservise.com\/de\/produktions-und-lagerhallen\/","title":{"rendered":"Produktions- und Lagerhallen"},"content":{"rendered":"<p>Produktions- und Lagerhallen\u2013 Blehservice ist spezialisiert auf die Herstellung und Montage von Regenwasserentw\u00e4sserungssystemen von D\u00e4chern und Geb\u00e4uden aus Blech. Wir produzieren und vermarkten ovale Dachrinnen mit einer L\u00e4nge von bis zu 4 m. Zus\u00e4tzlich haben wir auch Eckst\u00fccke, Rohrb\u00f6gen und Auffangbeh\u00e4lter im Fertigungssortiment.<\/p>\n\n\t\t<style type=\"text\/css\">\n\t\t\t#gallery-1 {\n\t\t\t\tmargin: auto;\n\t\t\t}\n\t\t\t#gallery-1 .gallery-item {\n\t\t\t\tfloat: left;\n\t\t\t\tmargin-top: 10px;\n\t\t\t\ttext-align: center;\n\t\t\t\twidth: 33%;\n\t\t\t}\n\t\t\t#gallery-1 img {\n\t\t\t\tborder: 2px solid #cfcfcf;\n\t\t\t}\n\t\t\t#gallery-1 .gallery-caption {\n\t\t\t\tmargin-left: 0;\n\t\t\t}\n\t\t\t\/* see gallery_shortcode() in wp-includes\/media.php *\/\n\t\t<\/style>\n\t\t<div id='gallery-1' class='gallery galleryid-2716 gallery-columns-3 gallery-size-medium'><dl class='gallery-item'>\n\t\t\t<dt class='gallery-icon landscape'>\n\t\t\t\t<a title=\"\u041f\u0440\u043e\u0438\u0437\u0432\u043e\u0434\u0441\u0442\u0432\u0435\u043d\u0438 \u0445\u0430\u043b\u0435\u0442\u0430 \u0438 \u0444\u0438\u0440\u043c\u0435\u043d\u0438 \u0441\u0433\u0440\u0430\u0434\u0438\" href='https:\/\/blechservise.com\/wp-content\/uploads\/2018\/02\/proizvodstveni-haleta1.jpg'><img loading=\"lazy\" decoding=\"async\" width=\"300\" height=\"225\" src=\"https:\/\/blechservise.com\/wp-content\/uploads\/2018\/02\/proizvodstveni-haleta1-300x225.jpg\" class=\"attachment-medium size-medium\" alt=\"\" srcset=\"https:\/\/blechservise.com\/wp-content\/uploads\/2018\/02\/proizvodstveni-haleta1-300x225.jpg 300w, https:\/\/blechservise.com\/wp-content\/uploads\/2018\/02\/proizvodstveni-haleta1-768x576.jpg 768w, https:\/\/blechservise.com\/wp-content\/uploads\/2018\/02\/proizvodstveni-haleta1-1024x768.jpg 1024w\" sizes=\"auto, (max-width: 300px) 100vw, 300px\" \/><\/a>\n\t\t\t<\/dt><\/dl><dl class='gallery-item'>\n\t\t\t<dt class='gallery-icon landscape'>\n\t\t\t\t<a title=\"\u041f\u0440\u043e\u0438\u0437\u0432\u043e\u0434\u0441\u0442\u0432\u0435\u043d\u0438 \u0445\u0430\u043b\u0435\u0442\u0430 \u0438 \u0444\u0438\u0440\u043c\u0435\u043d\u0438 \u0441\u0433\u0440\u0430\u0434\u0438\" href='https:\/\/blechservise.com\/wp-content\/uploads\/2018\/02\/proizvodstveni-haleta2.jpg'><img loading=\"lazy\" decoding=\"async\" width=\"300\" height=\"225\" src=\"https:\/\/blechservise.com\/wp-content\/uploads\/2018\/02\/proizvodstveni-haleta2-300x225.jpg\" class=\"attachment-medium size-medium\" alt=\"\" srcset=\"https:\/\/blechservise.com\/wp-content\/uploads\/2018\/02\/proizvodstveni-haleta2-300x225.jpg 300w, https:\/\/blechservise.com\/wp-content\/uploads\/2018\/02\/proizvodstveni-haleta2-768x576.jpg 768w, https:\/\/blechservise.com\/wp-content\/uploads\/2018\/02\/proizvodstveni-haleta2-1024x768.jpg 1024w\" sizes=\"auto, (max-width: 300px) 100vw, 300px\" \/><\/a>\n\t\t\t<\/dt><\/dl><dl class='gallery-item'>\n\t\t\t<dt class='gallery-icon landscape'>\n\t\t\t\t<a title=\"\u041f\u0440\u043e\u0438\u0437\u0432\u043e\u0434\u0441\u0442\u0432\u0435\u043d\u0438 \u0445\u0430\u043b\u0435\u0442\u0430 \u0438 \u0444\u0438\u0440\u043c\u0435\u043d\u0438 \u0441\u0433\u0440\u0430\u0434\u0438\" href='https:\/\/blechservise.com\/wp-content\/uploads\/2018\/02\/proizvodstveni-haleta3.jpg'><img loading=\"lazy\" decoding=\"async\" width=\"300\" height=\"225\" src=\"https:\/\/blechservise.com\/wp-content\/uploads\/2018\/02\/proizvodstveni-haleta3-300x225.jpg\" class=\"attachment-medium size-medium\" alt=\"\" srcset=\"https:\/\/blechservise.com\/wp-content\/uploads\/2018\/02\/proizvodstveni-haleta3-300x225.jpg 300w, https:\/\/blechservise.com\/wp-content\/uploads\/2018\/02\/proizvodstveni-haleta3-768x576.jpg 768w, https:\/\/blechservise.com\/wp-content\/uploads\/2018\/02\/proizvodstveni-haleta3-1024x768.jpg 1024w\" sizes=\"auto, (max-width: 300px) 100vw, 300px\" \/><\/a>\n\t\t\t<\/dt><\/dl><br style=\"clear: both\" \/><dl class='gallery-item'>\n\t\t\t<dt class='gallery-icon landscape'>\n\t\t\t\t<a title=\"\u041f\u0440\u043e\u0438\u0437\u0432\u043e\u0434\u0441\u0442\u0432\u0435\u043d\u0438 \u0445\u0430\u043b\u0435\u0442\u0430 \u0438 \u0444\u0438\u0440\u043c\u0435\u043d\u0438 \u0441\u0433\u0440\u0430\u0434\u0438\" href='https:\/\/blechservise.com\/wp-content\/uploads\/2018\/02\/proizvodstveni-haleta4.jpg'><img loading=\"lazy\" decoding=\"async\" width=\"300\" height=\"225\" src=\"https:\/\/blechservise.com\/wp-content\/uploads\/2018\/02\/proizvodstveni-haleta4-300x225.jpg\" class=\"attachment-medium size-medium\" alt=\"\" srcset=\"https:\/\/blechservise.com\/wp-content\/uploads\/2018\/02\/proizvodstveni-haleta4-300x225.jpg 300w, https:\/\/blechservise.com\/wp-content\/uploads\/2018\/02\/proizvodstveni-haleta4-768x576.jpg 768w, https:\/\/blechservise.com\/wp-content\/uploads\/2018\/02\/proizvodstveni-haleta4-1024x768.jpg 1024w\" sizes=\"auto, (max-width: 300px) 100vw, 300px\" \/><\/a>\n\t\t\t<\/dt><\/dl><dl class='gallery-item'>\n\t\t\t<dt class='gallery-icon landscape'>\n\t\t\t\t<a title=\"\u041f\u0440\u043e\u0438\u0437\u0432\u043e\u0434\u0441\u0442\u0432\u0435\u043d\u0438 \u0445\u0430\u043b\u0435\u0442\u0430 \u0438 \u0444\u0438\u0440\u043c\u0435\u043d\u0438 \u0441\u0433\u0440\u0430\u0434\u0438\" href='https:\/\/blechservise.com\/wp-content\/uploads\/2018\/02\/proizvodstveni-haleta5.jpg'><img loading=\"lazy\" decoding=\"async\" width=\"300\" height=\"225\" src=\"https:\/\/blechservise.com\/wp-content\/uploads\/2018\/02\/proizvodstveni-haleta5-300x225.jpg\" class=\"attachment-medium size-medium\" alt=\"\" srcset=\"https:\/\/blechservise.com\/wp-content\/uploads\/2018\/02\/proizvodstveni-haleta5-300x225.jpg 300w, https:\/\/blechservise.com\/wp-content\/uploads\/2018\/02\/proizvodstveni-haleta5-768x576.jpg 768w, https:\/\/blechservise.com\/wp-content\/uploads\/2018\/02\/proizvodstveni-haleta5-1024x768.jpg 1024w, https:\/\/blechservise.com\/wp-content\/uploads\/2018\/02\/proizvodstveni-haleta5.jpg 2048w\" sizes=\"auto, (max-width: 300px) 100vw, 300px\" \/><\/a>\n\t\t\t<\/dt><\/dl><dl class='gallery-item'>\n\t\t\t<dt class='gallery-icon landscape'>\n\t\t\t\t<a title=\"\u041f\u0440\u043e\u0438\u0437\u0432\u043e\u0434\u0441\u0442\u0432\u0435\u043d\u0438 \u0445\u0430\u043b\u0435\u0442\u0430 \u0438 \u0444\u0438\u0440\u043c\u0435\u043d\u0438 \u0441\u0433\u0440\u0430\u0434\u0438\" href='https:\/\/blechservise.com\/wp-content\/uploads\/2018\/02\/proizvodstveni-haleta6.jpg'><img loading=\"lazy\" decoding=\"async\" width=\"300\" height=\"225\" src=\"https:\/\/blechservise.com\/wp-content\/uploads\/2018\/02\/proizvodstveni-haleta6-300x225.jpg\" class=\"attachment-medium size-medium\" alt=\"\" srcset=\"https:\/\/blechservise.com\/wp-content\/uploads\/2018\/02\/proizvodstveni-haleta6-300x225.jpg 300w, https:\/\/blechservise.com\/wp-content\/uploads\/2018\/02\/proizvodstveni-haleta6-768x576.jpg 768w, https:\/\/blechservise.com\/wp-content\/uploads\/2018\/02\/proizvodstveni-haleta6-1024x768.jpg 1024w, https:\/\/blechservise.com\/wp-content\/uploads\/2018\/02\/proizvodstveni-haleta6.jpg 2048w\" sizes=\"auto, (max-width: 300px) 100vw, 300px\" \/><\/a>\n\t\t\t<\/dt><\/dl><br style=\"clear: both\" \/><dl class='gallery-item'>\n\t\t\t<dt class='gallery-icon landscape'>\n\t\t\t\t<a title=\"\u041f\u0440\u043e\u0438\u0437\u0432\u043e\u0434\u0441\u0442\u0432\u0435\u043d\u0438 \u0445\u0430\u043b\u0435\u0442\u0430 \u0438 \u0444\u0438\u0440\u043c\u0435\u043d\u0438 \u0441\u0433\u0440\u0430\u0434\u0438\" href='https:\/\/blechservise.com\/wp-content\/uploads\/2018\/02\/proizvodstveni-haleta7.jpg'><img loading=\"lazy\" decoding=\"async\" width=\"300\" height=\"225\" src=\"https:\/\/blechservise.com\/wp-content\/uploads\/2018\/02\/proizvodstveni-haleta7-300x225.jpg\" class=\"attachment-medium size-medium\" alt=\"\" srcset=\"https:\/\/blechservise.com\/wp-content\/uploads\/2018\/02\/proizvodstveni-haleta7-300x225.jpg 300w, https:\/\/blechservise.com\/wp-content\/uploads\/2018\/02\/proizvodstveni-haleta7-768x576.jpg 768w, https:\/\/blechservise.com\/wp-content\/uploads\/2018\/02\/proizvodstveni-haleta7-1024x768.jpg 1024w, https:\/\/blechservise.com\/wp-content\/uploads\/2018\/02\/proizvodstveni-haleta7.jpg 2048w\" sizes=\"auto, (max-width: 300px) 100vw, 300px\" \/><\/a>\n\t\t\t<\/dt><\/dl><dl class='gallery-item'>\n\t\t\t<dt class='gallery-icon landscape'>\n\t\t\t\t<a title=\"\u041f\u0440\u043e\u0438\u0437\u0432\u043e\u0434\u0441\u0442\u0432\u0435\u043d\u0438 \u0445\u0430\u043b\u0435\u0442\u0430 \u0438 \u0444\u0438\u0440\u043c\u0435\u043d\u0438 \u0441\u0433\u0440\u0430\u0434\u0438\" href='https:\/\/blechservise.com\/wp-content\/uploads\/2018\/02\/proizvodstveni-haleta8.jpg'><img loading=\"lazy\" decoding=\"async\" width=\"300\" height=\"225\" src=\"https:\/\/blechservise.com\/wp-content\/uploads\/2018\/02\/proizvodstveni-haleta8-300x225.jpg\" class=\"attachment-medium size-medium\" alt=\"\" srcset=\"https:\/\/blechservise.com\/wp-content\/uploads\/2018\/02\/proizvodstveni-haleta8-300x225.jpg 300w, https:\/\/blechservise.com\/wp-content\/uploads\/2018\/02\/proizvodstveni-haleta8-768x576.jpg 768w, https:\/\/blechservise.com\/wp-content\/uploads\/2018\/02\/proizvodstveni-haleta8-1024x768.jpg 1024w, https:\/\/blechservise.com\/wp-content\/uploads\/2018\/02\/proizvodstveni-haleta8.jpg 2048w\" sizes=\"auto, (max-width: 300px) 100vw, 300px\" \/><\/a>\n\t\t\t<\/dt><\/dl><dl class='gallery-item'>\n\t\t\t<dt class='gallery-icon landscape'>\n\t\t\t\t<a title=\"\u041f\u0440\u043e\u0438\u0437\u0432\u043e\u0434\u0441\u0442\u0432\u0435\u043d\u0438 \u0445\u0430\u043b\u0435\u0442\u0430 \u0438 \u0444\u0438\u0440\u043c\u0435\u043d\u0438 \u0441\u0433\u0440\u0430\u0434\u0438\" href='https:\/\/blechservise.com\/wp-content\/uploads\/2018\/02\/proizvodstveni-haleta9.jpg'><img loading=\"lazy\" decoding=\"async\" width=\"300\" height=\"225\" src=\"https:\/\/blechservise.com\/wp-content\/uploads\/2018\/02\/proizvodstveni-haleta9-300x225.jpg\" class=\"attachment-medium size-medium\" alt=\"\" srcset=\"https:\/\/blechservise.com\/wp-content\/uploads\/2018\/02\/proizvodstveni-haleta9-300x225.jpg 300w, https:\/\/blechservise.com\/wp-content\/uploads\/2018\/02\/proizvodstveni-haleta9-768x576.jpg 768w, https:\/\/blechservise.com\/wp-content\/uploads\/2018\/02\/proizvodstveni-haleta9-1024x768.jpg 1024w, https:\/\/blechservise.com\/wp-content\/uploads\/2018\/02\/proizvodstveni-haleta9.jpg 2048w\" sizes=\"auto, (max-width: 300px) 100vw, 300px\" \/><\/a>\n\t\t\t<\/dt><\/dl><br style=\"clear: both\" \/><dl class='gallery-item'>\n\t\t\t<dt class='gallery-icon landscape'>\n\t\t\t\t<a title=\"\u041f\u0440\u043e\u0438\u0437\u0432\u043e\u0434\u0441\u0442\u0432\u0435\u043d\u0438 \u0445\u0430\u043b\u0435\u0442\u0430 \u0438 \u0444\u0438\u0440\u043c\u0435\u043d\u0438 \u0441\u0433\u0440\u0430\u0434\u0438\" href='https:\/\/blechservise.com\/wp-content\/uploads\/2018\/02\/proizvodstveni-haleta10.jpg'><img loading=\"lazy\" decoding=\"async\" width=\"300\" height=\"225\" src=\"https:\/\/blechservise.com\/wp-content\/uploads\/2018\/02\/proizvodstveni-haleta10-300x225.jpg\" class=\"attachment-medium size-medium\" alt=\"\" srcset=\"https:\/\/blechservise.com\/wp-content\/uploads\/2018\/02\/proizvodstveni-haleta10-300x225.jpg 300w, https:\/\/blechservise.com\/wp-content\/uploads\/2018\/02\/proizvodstveni-haleta10-768x576.jpg 768w, https:\/\/blechservise.com\/wp-content\/uploads\/2018\/02\/proizvodstveni-haleta10-1024x768.jpg 1024w, https:\/\/blechservise.com\/wp-content\/uploads\/2018\/02\/proizvodstveni-haleta10.jpg 2048w\" sizes=\"auto, (max-width: 300px) 100vw, 300px\" \/><\/a>\n\t\t\t<\/dt><\/dl><dl class='gallery-item'>\n\t\t\t<dt class='gallery-icon landscape'>\n\t\t\t\t<a title=\"\u041f\u0440\u043e\u0438\u0437\u0432\u043e\u0434\u0441\u0442\u0432\u0435\u043d\u0438 \u0445\u0430\u043b\u0435\u0442\u0430 \u0438 \u0444\u0438\u0440\u043c\u0435\u043d\u0438 \u0441\u0433\u0440\u0430\u0434\u0438\" href='https:\/\/blechservise.com\/wp-content\/uploads\/2018\/02\/proizvodstveni-haleta11.jpg'><img loading=\"lazy\" decoding=\"async\" width=\"300\" height=\"225\" src=\"https:\/\/blechservise.com\/wp-content\/uploads\/2018\/02\/proizvodstveni-haleta11-300x225.jpg\" class=\"attachment-medium size-medium\" alt=\"\" srcset=\"https:\/\/blechservise.com\/wp-content\/uploads\/2018\/02\/proizvodstveni-haleta11-300x225.jpg 300w, https:\/\/blechservise.com\/wp-content\/uploads\/2018\/02\/proizvodstveni-haleta11-768x576.jpg 768w, https:\/\/blechservise.com\/wp-content\/uploads\/2018\/02\/proizvodstveni-haleta11-1024x768.jpg 1024w, https:\/\/blechservise.com\/wp-content\/uploads\/2018\/02\/proizvodstveni-haleta11.jpg 2048w\" sizes=\"auto, (max-width: 300px) 100vw, 300px\" \/><\/a>\n\t\t\t<\/dt><\/dl><dl class='gallery-item'>\n\t\t\t<dt class='gallery-icon landscape'>\n\t\t\t\t<a title=\"\u041f\u0440\u043e\u0438\u0437\u0432\u043e\u0434\u0441\u0442\u0432\u0435\u043d\u0438 \u0445\u0430\u043b\u0435\u0442\u0430 \u0438 \u0444\u0438\u0440\u043c\u0435\u043d\u0438 \u0441\u0433\u0440\u0430\u0434\u0438\" href='https:\/\/blechservise.com\/wp-content\/uploads\/2018\/02\/proizvodstveni-haleta12.jpg'><img loading=\"lazy\" decoding=\"async\" width=\"300\" height=\"225\" src=\"https:\/\/blechservise.com\/wp-content\/uploads\/2018\/02\/proizvodstveni-haleta12-300x225.jpg\" class=\"attachment-medium size-medium\" alt=\"\" srcset=\"https:\/\/blechservise.com\/wp-content\/uploads\/2018\/02\/proizvodstveni-haleta12-300x225.jpg 300w, https:\/\/blechservise.com\/wp-content\/uploads\/2018\/02\/proizvodstveni-haleta12-768x576.jpg 768w, https:\/\/blechservise.com\/wp-content\/uploads\/2018\/02\/proizvodstveni-haleta12-1024x768.jpg 1024w, https:\/\/blechservise.com\/wp-content\/uploads\/2018\/02\/proizvodstveni-haleta12.jpg 2048w\" sizes=\"auto, (max-width: 300px) 100vw, 300px\" \/><\/a>\n\t\t\t<\/dt><\/dl><br style=\"clear: both\" \/>\n\t\t<\/div>\n\n","protected":false},"excerpt":{"rendered":"<p>Produktions- und Lagerhallen\u2013 Blehservice ist spezialisiert auf die Herstellung und Montage von Regenwasserentw\u00e4sserungssystemen von D\u00e4chern und Geb\u00e4uden aus Blech. Wir produzieren und vermarkten ovale Dachrinnen mit einer L\u00e4nge von bis zu 4 m. Zus\u00e4tzlich haben wir auch Eckst\u00fccke, Rohrb\u00f6gen und Auffangbeh\u00e4lter im Fertigungssortiment.<\/p>\n","protected":false},"author":1,"featured_media":0,"parent":0,"menu_order":0,"comment_status":"closed","ping_status":"closed","template":"","meta":{"footnotes":""},"class_list":["post-2716","page","type-page","status-publish","hentry"],"aioseo_notices":[],"_links":{"self":[{"href":"https:\/\/blechservise.com\/de\/wp-json\/wp\/v2\/pages\/2716","targetHints":{"allow":["GET"]}}],"collection":[{"href":"https:\/\/blechservise.com\/de\/wp-json\/wp\/v2\/pages"}],"about":[{"href":"https:\/\/blechservise.com\/de\/wp-json\/wp\/v2\/types\/page"}],"author":[{"embeddable":true,"href":"https:\/\/blechservise.com\/de\/wp-json\/wp\/v2\/users\/1"}],"replies":[{"embeddable":true,"href":"https:\/\/blechservise.com\/de\/wp-json\/wp\/v2\/comments?post=2716"}],"version-history":[{"count":3,"href":"https:\/\/blechservise.com\/de\/wp-json\/wp\/v2\/pages\/2716\/revisions"}],"predecessor-version":[{"id":3361,"href":"https:\/\/blechservise.com\/de\/wp-json\/wp\/v2\/pages\/2716\/revisions\/3361"}],"wp:attachment":[{"href":"https:\/\/blechservise.com\/de\/wp-json\/wp\/v2\/media?parent=2716"}],"curies":[{"name":"wp","href":"https:\/\/api.w.org\/{rel}","templated":true}]}}