{"id":2714,"date":"2018-02-15T16:54:56","date_gmt":"2018-02-15T16:54:56","guid":{"rendered":"https:\/\/blechservise.com\/%d0%be%d0%b1%d1%89%d0%b5%d1%81%d1%82%d0%b2%d0%b5%d0%bd%d0%b8-%d0%b8-%d0%b0%d0%b4%d0%bc%d0%b8%d0%bd%d0%b8%d1%81%d1%82%d1%80%d0%b0%d1%82%d0%b8%d0%b2%d0%bd%d0%b8-%d1%81%d0%b3%d1%80%d0%b0%d0%b4%d0%b8\/"},"modified":"2025-05-15T12:25:56","modified_gmt":"2025-05-15T09:25:56","slug":"oeffentliche-und-administrative-gebaeude","status":"publish","type":"page","link":"https:\/\/blechservise.com\/de\/oeffentliche-und-administrative-gebaeude\/","title":{"rendered":"\u00d6ffentliche und administrative Geb\u00e4ude"},"content":{"rendered":"<p>\u00d6ffentliche und administrative Geb\u00e4ude\u2013 \u00a0Blehservice ist spezialisiert auf die Herstellung und Montage von Regenwasserentw\u00e4sserungssystemen von D\u00e4chern und Geb\u00e4uden aus Blech. Wir produzieren und vermarkten ovale Dachrinnen mit einer L\u00e4nge von bis zu 4 m. Zus\u00e4tzlich haben wir auch Eckst\u00fccke, Rohrb\u00f6gen und Auffangbeh\u00e4lter im Fertigungssortiment.<\/p>\n\n\t\t<style type=\"text\/css\">\n\t\t\t#gallery-1 {\n\t\t\t\tmargin: auto;\n\t\t\t}\n\t\t\t#gallery-1 .gallery-item {\n\t\t\t\tfloat: left;\n\t\t\t\tmargin-top: 10px;\n\t\t\t\ttext-align: center;\n\t\t\t\twidth: 33%;\n\t\t\t}\n\t\t\t#gallery-1 img {\n\t\t\t\tborder: 2px solid #cfcfcf;\n\t\t\t}\n\t\t\t#gallery-1 .gallery-caption {\n\t\t\t\tmargin-left: 0;\n\t\t\t}\n\t\t\t\/* see gallery_shortcode() in wp-includes\/media.php *\/\n\t\t<\/style>\n\t\t<div id='gallery-1' class='gallery galleryid-2714 gallery-columns-3 gallery-size-medium'><dl class='gallery-item'>\n\t\t\t<dt class='gallery-icon landscape'>\n\t\t\t\t<a title=\"\u041e\u0431\u0449\u0435\u0441\u0442\u0432\u0435\u043d\u0438 \u0438 \u0430\u0434\u043c\u0438\u043d\u0438\u0441\u0442\u0440\u0430\u0442\u0438\u0432\u043d\u0438 \u0441\u0433\u0440\u0430\u0434\u0438\" href='https:\/\/blechservise.com\/wp-content\/uploads\/2018\/02\/administrativni10.jpg'><img loading=\"lazy\" decoding=\"async\" width=\"300\" height=\"225\" src=\"https:\/\/blechservise.com\/wp-content\/uploads\/2018\/02\/administrativni10-300x225.jpg\" class=\"attachment-medium size-medium\" alt=\"\" srcset=\"https:\/\/blechservise.com\/wp-content\/uploads\/2018\/02\/administrativni10-300x225.jpg 300w, https:\/\/blechservise.com\/wp-content\/uploads\/2018\/02\/administrativni10-768x576.jpg 768w, https:\/\/blechservise.com\/wp-content\/uploads\/2018\/02\/administrativni10-1024x768.jpg 1024w\" sizes=\"auto, (max-width: 300px) 100vw, 300px\" \/><\/a>\n\t\t\t<\/dt><\/dl><dl class='gallery-item'>\n\t\t\t<dt class='gallery-icon landscape'>\n\t\t\t\t<a title=\"\u041e\u0431\u0449\u0435\u0441\u0442\u0432\u0435\u043d\u0438 \u0438 \u0430\u0434\u043c\u0438\u043d\u0438\u0441\u0442\u0440\u0430\u0442\u0438\u0432\u043d\u0438 \u0441\u0433\u0440\u0430\u0434\u0438\" href='https:\/\/blechservise.com\/wp-content\/uploads\/2018\/02\/administrativni9.jpg'><img loading=\"lazy\" decoding=\"async\" width=\"300\" height=\"225\" src=\"https:\/\/blechservise.com\/wp-content\/uploads\/2018\/02\/administrativni9-300x225.jpg\" class=\"attachment-medium size-medium\" alt=\"\" srcset=\"https:\/\/blechservise.com\/wp-content\/uploads\/2018\/02\/administrativni9-300x225.jpg 300w, https:\/\/blechservise.com\/wp-content\/uploads\/2018\/02\/administrativni9-768x576.jpg 768w, https:\/\/blechservise.com\/wp-content\/uploads\/2018\/02\/administrativni9-1024x768.jpg 1024w\" sizes=\"auto, (max-width: 300px) 100vw, 300px\" \/><\/a>\n\t\t\t<\/dt><\/dl><dl class='gallery-item'>\n\t\t\t<dt class='gallery-icon landscape'>\n\t\t\t\t<a title=\"\u041e\u0431\u0449\u0435\u0441\u0442\u0432\u0435\u043d\u0438 \u0438 \u0430\u0434\u043c\u0438\u043d\u0438\u0441\u0442\u0440\u0430\u0442\u0438\u0432\u043d\u0438 \u0441\u0433\u0440\u0430\u0434\u0438\" href='https:\/\/blechservise.com\/wp-content\/uploads\/2018\/02\/administrativni8.jpg'><img loading=\"lazy\" decoding=\"async\" width=\"300\" height=\"225\" src=\"https:\/\/blechservise.com\/wp-content\/uploads\/2018\/02\/administrativni8-300x225.jpg\" class=\"attachment-medium size-medium\" alt=\"\" srcset=\"https:\/\/blechservise.com\/wp-content\/uploads\/2018\/02\/administrativni8-300x225.jpg 300w, https:\/\/blechservise.com\/wp-content\/uploads\/2018\/02\/administrativni8-768x576.jpg 768w, https:\/\/blechservise.com\/wp-content\/uploads\/2018\/02\/administrativni8-1024x768.jpg 1024w\" sizes=\"auto, (max-width: 300px) 100vw, 300px\" \/><\/a>\n\t\t\t<\/dt><\/dl><br style=\"clear: both\" \/><dl class='gallery-item'>\n\t\t\t<dt class='gallery-icon landscape'>\n\t\t\t\t<a title=\"\u041e\u0431\u0449\u0435\u0441\u0442\u0432\u0435\u043d\u0438 \u0438 \u0430\u0434\u043c\u0438\u043d\u0438\u0441\u0442\u0440\u0430\u0442\u0438\u0432\u043d\u0438 \u0441\u0433\u0440\u0430\u0434\u0438\" href='https:\/\/blechservise.com\/wp-content\/uploads\/2018\/02\/administrativni7.jpg'><img loading=\"lazy\" decoding=\"async\" width=\"300\" height=\"225\" src=\"https:\/\/blechservise.com\/wp-content\/uploads\/2018\/02\/administrativni7-300x225.jpg\" class=\"attachment-medium size-medium\" alt=\"\" srcset=\"https:\/\/blechservise.com\/wp-content\/uploads\/2018\/02\/administrativni7-300x225.jpg 300w, https:\/\/blechservise.com\/wp-content\/uploads\/2018\/02\/administrativni7-768x576.jpg 768w, https:\/\/blechservise.com\/wp-content\/uploads\/2018\/02\/administrativni7-1024x768.jpg 1024w\" sizes=\"auto, (max-width: 300px) 100vw, 300px\" \/><\/a>\n\t\t\t<\/dt><\/dl><dl class='gallery-item'>\n\t\t\t<dt class='gallery-icon landscape'>\n\t\t\t\t<a title=\"\u041e\u0431\u0449\u0435\u0441\u0442\u0432\u0435\u043d\u0438 \u0438 \u0430\u0434\u043c\u0438\u043d\u0438\u0441\u0442\u0440\u0430\u0442\u0438\u0432\u043d\u0438 \u0441\u0433\u0440\u0430\u0434\u0438\" href='https:\/\/blechservise.com\/wp-content\/uploads\/2018\/02\/administrativni6.jpg'><img loading=\"lazy\" decoding=\"async\" width=\"300\" height=\"225\" src=\"https:\/\/blechservise.com\/wp-content\/uploads\/2018\/02\/administrativni6-300x225.jpg\" class=\"attachment-medium size-medium\" alt=\"\" srcset=\"https:\/\/blechservise.com\/wp-content\/uploads\/2018\/02\/administrativni6-300x225.jpg 300w, https:\/\/blechservise.com\/wp-content\/uploads\/2018\/02\/administrativni6-768x576.jpg 768w, https:\/\/blechservise.com\/wp-content\/uploads\/2018\/02\/administrativni6-1024x768.jpg 1024w\" sizes=\"auto, (max-width: 300px) 100vw, 300px\" \/><\/a>\n\t\t\t<\/dt><\/dl><dl class='gallery-item'>\n\t\t\t<dt class='gallery-icon landscape'>\n\t\t\t\t<a title=\"\u041e\u0431\u0449\u0435\u0441\u0442\u0432\u0435\u043d\u0438 \u0438 \u0430\u0434\u043c\u0438\u043d\u0438\u0441\u0442\u0440\u0430\u0442\u0438\u0432\u043d\u0438 \u0441\u0433\u0440\u0430\u0434\u0438\" href='https:\/\/blechservise.com\/wp-content\/uploads\/2018\/02\/administrativni5.jpg'><img loading=\"lazy\" decoding=\"async\" width=\"300\" height=\"225\" src=\"https:\/\/blechservise.com\/wp-content\/uploads\/2018\/02\/administrativni5-300x225.jpg\" class=\"attachment-medium size-medium\" alt=\"\" srcset=\"https:\/\/blechservise.com\/wp-content\/uploads\/2018\/02\/administrativni5-300x225.jpg 300w, https:\/\/blechservise.com\/wp-content\/uploads\/2018\/02\/administrativni5-768x576.jpg 768w, https:\/\/blechservise.com\/wp-content\/uploads\/2018\/02\/administrativni5-1024x768.jpg 1024w\" sizes=\"auto, (max-width: 300px) 100vw, 300px\" \/><\/a>\n\t\t\t<\/dt><\/dl><br style=\"clear: both\" \/><dl class='gallery-item'>\n\t\t\t<dt class='gallery-icon landscape'>\n\t\t\t\t<a title=\"\u041e\u0431\u0449\u0435\u0441\u0442\u0432\u0435\u043d\u0438 \u0438 \u0430\u0434\u043c\u0438\u043d\u0438\u0441\u0442\u0440\u0430\u0442\u0438\u0432\u043d\u0438 \u0441\u0433\u0440\u0430\u0434\u0438\" href='https:\/\/blechservise.com\/wp-content\/uploads\/2018\/02\/administrativni4.jpg'><img loading=\"lazy\" decoding=\"async\" width=\"300\" height=\"225\" src=\"https:\/\/blechservise.com\/wp-content\/uploads\/2018\/02\/administrativni4-300x225.jpg\" class=\"attachment-medium size-medium\" alt=\"\" srcset=\"https:\/\/blechservise.com\/wp-content\/uploads\/2018\/02\/administrativni4-300x225.jpg 300w, https:\/\/blechservise.com\/wp-content\/uploads\/2018\/02\/administrativni4-768x576.jpg 768w, https:\/\/blechservise.com\/wp-content\/uploads\/2018\/02\/administrativni4-1024x768.jpg 1024w\" sizes=\"auto, (max-width: 300px) 100vw, 300px\" \/><\/a>\n\t\t\t<\/dt><\/dl><dl class='gallery-item'>\n\t\t\t<dt class='gallery-icon landscape'>\n\t\t\t\t<a title=\"\u041e\u0431\u0449\u0435\u0441\u0442\u0432\u0435\u043d\u0438 \u0438 \u0430\u0434\u043c\u0438\u043d\u0438\u0441\u0442\u0440\u0430\u0442\u0438\u0432\u043d\u0438 \u0441\u0433\u0440\u0430\u0434\u0438\" href='https:\/\/blechservise.com\/wp-content\/uploads\/2018\/02\/administrativni3.jpg'><img loading=\"lazy\" decoding=\"async\" width=\"300\" height=\"225\" src=\"https:\/\/blechservise.com\/wp-content\/uploads\/2018\/02\/administrativni3-300x225.jpg\" class=\"attachment-medium size-medium\" alt=\"\" srcset=\"https:\/\/blechservise.com\/wp-content\/uploads\/2018\/02\/administrativni3-300x225.jpg 300w, https:\/\/blechservise.com\/wp-content\/uploads\/2018\/02\/administrativni3-768x576.jpg 768w, https:\/\/blechservise.com\/wp-content\/uploads\/2018\/02\/administrativni3-1024x768.jpg 1024w\" sizes=\"auto, (max-width: 300px) 100vw, 300px\" \/><\/a>\n\t\t\t<\/dt><\/dl><dl class='gallery-item'>\n\t\t\t<dt class='gallery-icon landscape'>\n\t\t\t\t<a title=\"\u041e\u0431\u0449\u0435\u0441\u0442\u0432\u0435\u043d\u0438 \u0438 \u0430\u0434\u043c\u0438\u043d\u0438\u0441\u0442\u0440\u0430\u0442\u0438\u0432\u043d\u0438 \u0441\u0433\u0440\u0430\u0434\u0438\" href='https:\/\/blechservise.com\/wp-content\/uploads\/2018\/02\/administrativni2.jpg'><img loading=\"lazy\" decoding=\"async\" width=\"300\" height=\"225\" src=\"https:\/\/blechservise.com\/wp-content\/uploads\/2018\/02\/administrativni2-300x225.jpg\" class=\"attachment-medium size-medium\" alt=\"\" srcset=\"https:\/\/blechservise.com\/wp-content\/uploads\/2018\/02\/administrativni2-300x225.jpg 300w, https:\/\/blechservise.com\/wp-content\/uploads\/2018\/02\/administrativni2-768x576.jpg 768w, https:\/\/blechservise.com\/wp-content\/uploads\/2018\/02\/administrativni2-1024x768.jpg 1024w\" sizes=\"auto, (max-width: 300px) 100vw, 300px\" \/><\/a>\n\t\t\t<\/dt><\/dl><br style=\"clear: both\" \/><dl class='gallery-item'>\n\t\t\t<dt class='gallery-icon landscape'>\n\t\t\t\t<a title=\"\u041e\u0431\u0449\u0435\u0441\u0442\u0432\u0435\u043d\u0438 \u0438 \u0430\u0434\u043c\u0438\u043d\u0438\u0441\u0442\u0440\u0430\u0442\u0438\u0432\u043d\u0438 \u0441\u0433\u0440\u0430\u0434\u0438\" href='https:\/\/blechservise.com\/wp-content\/uploads\/2018\/02\/administrativni1.jpg'><img loading=\"lazy\" decoding=\"async\" width=\"300\" height=\"225\" src=\"https:\/\/blechservise.com\/wp-content\/uploads\/2018\/02\/administrativni1-300x225.jpg\" class=\"attachment-medium size-medium\" alt=\"\" srcset=\"https:\/\/blechservise.com\/wp-content\/uploads\/2018\/02\/administrativni1-300x225.jpg 300w, https:\/\/blechservise.com\/wp-content\/uploads\/2018\/02\/administrativni1-768x576.jpg 768w, https:\/\/blechservise.com\/wp-content\/uploads\/2018\/02\/administrativni1-1024x768.jpg 1024w\" sizes=\"auto, (max-width: 300px) 100vw, 300px\" \/><\/a>\n\t\t\t<\/dt><\/dl>\n\t\t\t<br style='clear: both' \/>\n\t\t<\/div>\n\n","protected":false},"excerpt":{"rendered":"<p>\u00d6ffentliche und administrative Geb\u00e4ude\u2013 \u00a0Blehservice ist spezialisiert auf die Herstellung und Montage von Regenwasserentw\u00e4sserungssystemen von D\u00e4chern und Geb\u00e4uden aus Blech. Wir produzieren und vermarkten ovale Dachrinnen mit einer L\u00e4nge von bis zu 4 m. Zus\u00e4tzlich haben wir auch Eckst\u00fccke, Rohrb\u00f6gen und Auffangbeh\u00e4lter im Fertigungssortiment.<\/p>\n","protected":false},"author":1,"featured_media":0,"parent":0,"menu_order":0,"comment_status":"closed","ping_status":"closed","template":"","meta":{"footnotes":""},"class_list":["post-2714","page","type-page","status-publish","hentry"],"aioseo_notices":[],"_links":{"self":[{"href":"https:\/\/blechservise.com\/de\/wp-json\/wp\/v2\/pages\/2714","targetHints":{"allow":["GET"]}}],"collection":[{"href":"https:\/\/blechservise.com\/de\/wp-json\/wp\/v2\/pages"}],"about":[{"href":"https:\/\/blechservise.com\/de\/wp-json\/wp\/v2\/types\/page"}],"author":[{"embeddable":true,"href":"https:\/\/blechservise.com\/de\/wp-json\/wp\/v2\/users\/1"}],"replies":[{"embeddable":true,"href":"https:\/\/blechservise.com\/de\/wp-json\/wp\/v2\/comments?post=2714"}],"version-history":[{"count":2,"href":"https:\/\/blechservise.com\/de\/wp-json\/wp\/v2\/pages\/2714\/revisions"}],"predecessor-version":[{"id":3360,"href":"https:\/\/blechservise.com\/de\/wp-json\/wp\/v2\/pages\/2714\/revisions\/3360"}],"wp:attachment":[{"href":"https:\/\/blechservise.com\/de\/wp-json\/wp\/v2\/media?parent=2714"}],"curies":[{"name":"wp","href":"https:\/\/api.w.org\/{rel}","templated":true}]}}