{"id":2712,"date":"2011-03-11T13:18:15","date_gmt":"2011-03-11T13:18:15","guid":{"rendered":"https:\/\/blechservise.com\/%d0%b6%d0%b8%d0%bb%d0%b8%d1%89%d0%bd%d0%b8-%d1%81%d0%b3%d1%80%d0%b0%d0%b4%d0%b8-%d0%b8-%d0%ba%d0%be%d0%bc%d0%bf%d0%bb%d0%b5%d0%ba%d1%81%d0%b8\/"},"modified":"2025-05-15T12:17:39","modified_gmt":"2025-05-15T09:17:39","slug":"wohngebaeude-und-mehrfamilienhaeuser","status":"publish","type":"page","link":"https:\/\/blechservise.com\/de\/wohngebaeude-und-mehrfamilienhaeuser\/","title":{"rendered":"Wohngeb\u00e4ude und Mehrfamilienh\u00e4user"},"content":{"rendered":"<p>Wohngeb\u00e4ude und Mehrfamilienh\u00e4user &#8211; Blehservice ist spezialisiert auf die Herstellung und Montage von Regenwasserentw\u00e4sserungssystemen von D\u00e4chern und Geb\u00e4uden aus Blech. Wir produzieren und vermarkten ovale Dachrinnen mit einer L\u00e4nge von bis zu 4 m. Zus\u00e4tzlich haben wir auch Eckst\u00fccke, Rohrb\u00f6gen und Auffangbeh\u00e4lter im Fertigungssortiment.<\/p>\n\n\t\t<style type=\"text\/css\">\n\t\t\t#gallery-1 {\n\t\t\t\tmargin: auto;\n\t\t\t}\n\t\t\t#gallery-1 .gallery-item {\n\t\t\t\tfloat: left;\n\t\t\t\tmargin-top: 10px;\n\t\t\t\ttext-align: center;\n\t\t\t\twidth: 33%;\n\t\t\t}\n\t\t\t#gallery-1 img {\n\t\t\t\tborder: 2px solid #cfcfcf;\n\t\t\t}\n\t\t\t#gallery-1 .gallery-caption {\n\t\t\t\tmargin-left: 0;\n\t\t\t}\n\t\t\t\/* see gallery_shortcode() in wp-includes\/media.php *\/\n\t\t<\/style>\n\t\t<div id='gallery-1' class='gallery galleryid-2712 gallery-columns-3 gallery-size-medium'><dl class='gallery-item'>\n\t\t\t<dt class='gallery-icon landscape'>\n\t\t\t\t<a title=\"kompleksi5\" href='https:\/\/blechservise.com\/wp-content\/uploads\/2018\/02\/kompleksi5.jpg'><img loading=\"lazy\" decoding=\"async\" width=\"300\" height=\"225\" src=\"https:\/\/blechservise.com\/wp-content\/uploads\/2018\/02\/kompleksi5-300x225.jpg\" class=\"attachment-medium size-medium\" alt=\"\" aria-describedby=\"gallery-1-3180\" srcset=\"https:\/\/blechservise.com\/wp-content\/uploads\/2018\/02\/kompleksi5-300x225.jpg 300w, https:\/\/blechservise.com\/wp-content\/uploads\/2018\/02\/kompleksi5-768x576.jpg 768w, https:\/\/blechservise.com\/wp-content\/uploads\/2018\/02\/kompleksi5-1024x768.jpg 1024w\" sizes=\"auto, (max-width: 300px) 100vw, 300px\" \/><\/a>\n\t\t\t<\/dt>\n\t\t\t\t<dd class='wp-caption-text gallery-caption' id='gallery-1-3180'>\n\t\t\t\t1\n\t\t\t\t<\/dd><\/dl><dl class='gallery-item'>\n\t\t\t<dt class='gallery-icon landscape'>\n\t\t\t\t<a title=\"kompleksi6\" href='https:\/\/blechservise.com\/wp-content\/uploads\/2018\/02\/kompleksi6.jpg'><img loading=\"lazy\" decoding=\"async\" width=\"300\" height=\"225\" src=\"https:\/\/blechservise.com\/wp-content\/uploads\/2018\/02\/kompleksi6-300x225.jpg\" class=\"attachment-medium size-medium\" alt=\"\" aria-describedby=\"gallery-1-3181\" srcset=\"https:\/\/blechservise.com\/wp-content\/uploads\/2018\/02\/kompleksi6-300x225.jpg 300w, https:\/\/blechservise.com\/wp-content\/uploads\/2018\/02\/kompleksi6-768x576.jpg 768w, https:\/\/blechservise.com\/wp-content\/uploads\/2018\/02\/kompleksi6-1024x768.jpg 1024w\" sizes=\"auto, (max-width: 300px) 100vw, 300px\" \/><\/a>\n\t\t\t<\/dt>\n\t\t\t\t<dd class='wp-caption-text gallery-caption' id='gallery-1-3181'>\n\t\t\t\t2\n\t\t\t\t<\/dd><\/dl><dl class='gallery-item'>\n\t\t\t<dt class='gallery-icon landscape'>\n\t\t\t\t<a title=\"kompleksi7\" href='https:\/\/blechservise.com\/wp-content\/uploads\/2018\/02\/kompleksi7.jpg'><img loading=\"lazy\" decoding=\"async\" width=\"300\" height=\"225\" src=\"https:\/\/blechservise.com\/wp-content\/uploads\/2018\/02\/kompleksi7-300x225.jpg\" class=\"attachment-medium size-medium\" alt=\"\" aria-describedby=\"gallery-1-3182\" srcset=\"https:\/\/blechservise.com\/wp-content\/uploads\/2018\/02\/kompleksi7-300x225.jpg 300w, https:\/\/blechservise.com\/wp-content\/uploads\/2018\/02\/kompleksi7-768x576.jpg 768w, https:\/\/blechservise.com\/wp-content\/uploads\/2018\/02\/kompleksi7-1024x768.jpg 1024w\" sizes=\"auto, (max-width: 300px) 100vw, 300px\" \/><\/a>\n\t\t\t<\/dt>\n\t\t\t\t<dd class='wp-caption-text gallery-caption' id='gallery-1-3182'>\n\t\t\t\t3\n\t\t\t\t<\/dd><\/dl><br style=\"clear: both\" \/><dl class='gallery-item'>\n\t\t\t<dt class='gallery-icon landscape'>\n\t\t\t\t<a title=\"kompleksi8\" href='https:\/\/blechservise.com\/wp-content\/uploads\/2018\/02\/kompleksi8.jpg'><img loading=\"lazy\" decoding=\"async\" width=\"300\" height=\"225\" src=\"https:\/\/blechservise.com\/wp-content\/uploads\/2018\/02\/kompleksi8-300x225.jpg\" class=\"attachment-medium size-medium\" alt=\"\" aria-describedby=\"gallery-1-3183\" srcset=\"https:\/\/blechservise.com\/wp-content\/uploads\/2018\/02\/kompleksi8-300x225.jpg 300w, https:\/\/blechservise.com\/wp-content\/uploads\/2018\/02\/kompleksi8-768x576.jpg 768w, https:\/\/blechservise.com\/wp-content\/uploads\/2018\/02\/kompleksi8-1024x768.jpg 1024w\" sizes=\"auto, (max-width: 300px) 100vw, 300px\" \/><\/a>\n\t\t\t<\/dt>\n\t\t\t\t<dd class='wp-caption-text gallery-caption' id='gallery-1-3183'>\n\t\t\t\t4\n\t\t\t\t<\/dd><\/dl><dl class='gallery-item'>\n\t\t\t<dt class='gallery-icon landscape'>\n\t\t\t\t<a title=\"kompleksi9\" href='https:\/\/blechservise.com\/wp-content\/uploads\/2018\/02\/kompleksi9.jpg'><img loading=\"lazy\" decoding=\"async\" width=\"300\" height=\"225\" src=\"https:\/\/blechservise.com\/wp-content\/uploads\/2018\/02\/kompleksi9-300x225.jpg\" class=\"attachment-medium size-medium\" alt=\"\" aria-describedby=\"gallery-1-3184\" srcset=\"https:\/\/blechservise.com\/wp-content\/uploads\/2018\/02\/kompleksi9-300x225.jpg 300w, https:\/\/blechservise.com\/wp-content\/uploads\/2018\/02\/kompleksi9-768x576.jpg 768w, https:\/\/blechservise.com\/wp-content\/uploads\/2018\/02\/kompleksi9-1024x768.jpg 1024w\" sizes=\"auto, (max-width: 300px) 100vw, 300px\" \/><\/a>\n\t\t\t<\/dt>\n\t\t\t\t<dd class='wp-caption-text gallery-caption' id='gallery-1-3184'>\n\t\t\t\t5\n\t\t\t\t<\/dd><\/dl><dl class='gallery-item'>\n\t\t\t<dt class='gallery-icon landscape'>\n\t\t\t\t<a title=\"kompleksi10\" href='https:\/\/blechservise.com\/wp-content\/uploads\/2018\/02\/kompleksi10.jpg'><img loading=\"lazy\" decoding=\"async\" width=\"300\" height=\"225\" src=\"https:\/\/blechservise.com\/wp-content\/uploads\/2018\/02\/kompleksi10-300x225.jpg\" class=\"attachment-medium size-medium\" alt=\"\" aria-describedby=\"gallery-1-3185\" srcset=\"https:\/\/blechservise.com\/wp-content\/uploads\/2018\/02\/kompleksi10-300x225.jpg 300w, https:\/\/blechservise.com\/wp-content\/uploads\/2018\/02\/kompleksi10-768x576.jpg 768w, https:\/\/blechservise.com\/wp-content\/uploads\/2018\/02\/kompleksi10-1024x768.jpg 1024w\" sizes=\"auto, (max-width: 300px) 100vw, 300px\" \/><\/a>\n\t\t\t<\/dt>\n\t\t\t\t<dd class='wp-caption-text gallery-caption' id='gallery-1-3185'>\n\t\t\t\t6\n\t\t\t\t<\/dd><\/dl><br style=\"clear: both\" \/><dl class='gallery-item'>\n\t\t\t<dt class='gallery-icon landscape'>\n\t\t\t\t<a title=\"kompleksi11\" href='https:\/\/blechservise.com\/wp-content\/uploads\/2018\/02\/kompleksi11.jpg'><img loading=\"lazy\" decoding=\"async\" width=\"300\" height=\"225\" src=\"https:\/\/blechservise.com\/wp-content\/uploads\/2018\/02\/kompleksi11-300x225.jpg\" class=\"attachment-medium size-medium\" alt=\"\" aria-describedby=\"gallery-1-3186\" srcset=\"https:\/\/blechservise.com\/wp-content\/uploads\/2018\/02\/kompleksi11-300x225.jpg 300w, https:\/\/blechservise.com\/wp-content\/uploads\/2018\/02\/kompleksi11-768x576.jpg 768w, https:\/\/blechservise.com\/wp-content\/uploads\/2018\/02\/kompleksi11-1024x768.jpg 1024w\" sizes=\"auto, (max-width: 300px) 100vw, 300px\" \/><\/a>\n\t\t\t<\/dt>\n\t\t\t\t<dd class='wp-caption-text gallery-caption' id='gallery-1-3186'>\n\t\t\t\t7\n\t\t\t\t<\/dd><\/dl><dl class='gallery-item'>\n\t\t\t<dt class='gallery-icon landscape'>\n\t\t\t\t<a title=\"kompleksi12\" href='https:\/\/blechservise.com\/wp-content\/uploads\/2018\/02\/kompleksi12.jpg'><img loading=\"lazy\" decoding=\"async\" width=\"300\" height=\"225\" src=\"https:\/\/blechservise.com\/wp-content\/uploads\/2018\/02\/kompleksi12-300x225.jpg\" class=\"attachment-medium size-medium\" alt=\"\" aria-describedby=\"gallery-1-3187\" srcset=\"https:\/\/blechservise.com\/wp-content\/uploads\/2018\/02\/kompleksi12-300x225.jpg 300w, https:\/\/blechservise.com\/wp-content\/uploads\/2018\/02\/kompleksi12-768x576.jpg 768w, https:\/\/blechservise.com\/wp-content\/uploads\/2018\/02\/kompleksi12-1024x768.jpg 1024w\" sizes=\"auto, (max-width: 300px) 100vw, 300px\" \/><\/a>\n\t\t\t<\/dt>\n\t\t\t\t<dd class='wp-caption-text gallery-caption' id='gallery-1-3187'>\n\t\t\t\t8\n\t\t\t\t<\/dd><\/dl><dl class='gallery-item'>\n\t\t\t<dt class='gallery-icon landscape'>\n\t\t\t\t<a title=\"kompleksi20\" href='https:\/\/blechservise.com\/wp-content\/uploads\/2018\/02\/kompleksi20.jpg'><img loading=\"lazy\" decoding=\"async\" width=\"300\" height=\"225\" src=\"https:\/\/blechservise.com\/wp-content\/uploads\/2018\/02\/kompleksi20-300x225.jpg\" class=\"attachment-medium size-medium\" alt=\"\" aria-describedby=\"gallery-1-3195\" srcset=\"https:\/\/blechservise.com\/wp-content\/uploads\/2018\/02\/kompleksi20-300x225.jpg 300w, https:\/\/blechservise.com\/wp-content\/uploads\/2018\/02\/kompleksi20-768x576.jpg 768w, https:\/\/blechservise.com\/wp-content\/uploads\/2018\/02\/kompleksi20-1024x768.jpg 1024w\" sizes=\"auto, (max-width: 300px) 100vw, 300px\" \/><\/a>\n\t\t\t<\/dt>\n\t\t\t\t<dd class='wp-caption-text gallery-caption' id='gallery-1-3195'>\n\t\t\t\t9\n\t\t\t\t<\/dd><\/dl><br style=\"clear: both\" \/><dl class='gallery-item'>\n\t\t\t<dt class='gallery-icon landscape'>\n\t\t\t\t<a title=\"kompleksi28\" href='https:\/\/blechservise.com\/wp-content\/uploads\/2018\/02\/kompleksi28.jpg'><img loading=\"lazy\" decoding=\"async\" width=\"300\" height=\"225\" src=\"https:\/\/blechservise.com\/wp-content\/uploads\/2018\/02\/kompleksi28-300x225.jpg\" class=\"attachment-medium size-medium\" alt=\"\" aria-describedby=\"gallery-1-3203\" srcset=\"https:\/\/blechservise.com\/wp-content\/uploads\/2018\/02\/kompleksi28-300x225.jpg 300w, https:\/\/blechservise.com\/wp-content\/uploads\/2018\/02\/kompleksi28-768x576.jpg 768w, https:\/\/blechservise.com\/wp-content\/uploads\/2018\/02\/kompleksi28-1024x768.jpg 1024w, https:\/\/blechservise.com\/wp-content\/uploads\/2018\/02\/kompleksi28.jpg 1600w\" sizes=\"auto, (max-width: 300px) 100vw, 300px\" \/><\/a>\n\t\t\t<\/dt>\n\t\t\t\t<dd class='wp-caption-text gallery-caption' id='gallery-1-3203'>\n\t\t\t\t10\n\t\t\t\t<\/dd><\/dl><dl class='gallery-item'>\n\t\t\t<dt class='gallery-icon portrait'>\n\t\t\t\t<a title=\"kompleksi30\" href='https:\/\/blechservise.com\/wp-content\/uploads\/2018\/02\/kompleksi30.jpg'><img loading=\"lazy\" decoding=\"async\" width=\"225\" height=\"300\" src=\"https:\/\/blechservise.com\/wp-content\/uploads\/2018\/02\/kompleksi30-225x300.jpg\" class=\"attachment-medium size-medium\" alt=\"\" aria-describedby=\"gallery-1-3205\" srcset=\"https:\/\/blechservise.com\/wp-content\/uploads\/2018\/02\/kompleksi30-225x300.jpg 225w, https:\/\/blechservise.com\/wp-content\/uploads\/2018\/02\/kompleksi30-768x1024.jpg 768w, https:\/\/blechservise.com\/wp-content\/uploads\/2018\/02\/kompleksi30.jpg 1200w\" sizes=\"auto, (max-width: 225px) 100vw, 225px\" \/><\/a>\n\t\t\t<\/dt>\n\t\t\t\t<dd class='wp-caption-text gallery-caption' id='gallery-1-3205'>\n\t\t\t\t11\n\t\t\t\t<\/dd><\/dl><dl class='gallery-item'>\n\t\t\t<dt class='gallery-icon portrait'>\n\t\t\t\t<a title=\"SL372383\" href='https:\/\/blechservise.com\/wp-content\/uploads\/2019\/10\/SL372383.jpg'><img loading=\"lazy\" decoding=\"async\" width=\"225\" height=\"300\" src=\"https:\/\/blechservise.com\/wp-content\/uploads\/2019\/10\/SL372383-225x300.jpg\" class=\"attachment-medium size-medium\" alt=\"\" aria-describedby=\"gallery-1-3262\" srcset=\"https:\/\/blechservise.com\/wp-content\/uploads\/2019\/10\/SL372383-225x300.jpg 225w, https:\/\/blechservise.com\/wp-content\/uploads\/2019\/10\/SL372383-768x1024.jpg 768w\" sizes=\"auto, (max-width: 225px) 100vw, 225px\" \/><\/a>\n\t\t\t<\/dt>\n\t\t\t\t<dd class='wp-caption-text gallery-caption' id='gallery-1-3262'>\n\t\t\t\t12\n\t\t\t\t<\/dd><\/dl><br style=\"clear: both\" \/><dl class='gallery-item'>\n\t\t\t<dt class='gallery-icon landscape'>\n\t\t\t\t<a title=\"SL372384\" href='https:\/\/blechservise.com\/wp-content\/uploads\/2019\/10\/SL372384.jpg'><img loading=\"lazy\" decoding=\"async\" width=\"300\" height=\"225\" src=\"https:\/\/blechservise.com\/wp-content\/uploads\/2019\/10\/SL372384-300x225.jpg\" class=\"attachment-medium size-medium\" alt=\"\" aria-describedby=\"gallery-1-3263\" srcset=\"https:\/\/blechservise.com\/wp-content\/uploads\/2019\/10\/SL372384-300x225.jpg 300w, https:\/\/blechservise.com\/wp-content\/uploads\/2019\/10\/SL372384-768x576.jpg 768w, https:\/\/blechservise.com\/wp-content\/uploads\/2019\/10\/SL372384-1024x768.jpg 1024w\" sizes=\"auto, (max-width: 300px) 100vw, 300px\" \/><\/a>\n\t\t\t<\/dt>\n\t\t\t\t<dd class='wp-caption-text gallery-caption' id='gallery-1-3263'>\n\t\t\t\t13\n\t\t\t\t<\/dd><\/dl><dl class='gallery-item'>\n\t\t\t<dt class='gallery-icon landscape'>\n\t\t\t\t<a title=\"SL372387\" href='https:\/\/blechservise.com\/wp-content\/uploads\/2019\/10\/SL372387.jpg'><img loading=\"lazy\" decoding=\"async\" width=\"300\" height=\"225\" src=\"https:\/\/blechservise.com\/wp-content\/uploads\/2019\/10\/SL372387-300x225.jpg\" class=\"attachment-medium size-medium\" alt=\"\" aria-describedby=\"gallery-1-3264\" srcset=\"https:\/\/blechservise.com\/wp-content\/uploads\/2019\/10\/SL372387-300x225.jpg 300w, https:\/\/blechservise.com\/wp-content\/uploads\/2019\/10\/SL372387-768x576.jpg 768w, https:\/\/blechservise.com\/wp-content\/uploads\/2019\/10\/SL372387-1024x768.jpg 1024w\" sizes=\"auto, (max-width: 300px) 100vw, 300px\" \/><\/a>\n\t\t\t<\/dt>\n\t\t\t\t<dd class='wp-caption-text gallery-caption' id='gallery-1-3264'>\n\t\t\t\t14\n\t\t\t\t<\/dd><\/dl><dl class='gallery-item'>\n\t\t\t<dt class='gallery-icon portrait'>\n\t\t\t\t<a title=\"SL372389\" href='https:\/\/blechservise.com\/wp-content\/uploads\/2019\/10\/SL372389.jpg'><img loading=\"lazy\" decoding=\"async\" width=\"225\" height=\"300\" src=\"https:\/\/blechservise.com\/wp-content\/uploads\/2019\/10\/SL372389-225x300.jpg\" class=\"attachment-medium size-medium\" alt=\"\" aria-describedby=\"gallery-1-3265\" srcset=\"https:\/\/blechservise.com\/wp-content\/uploads\/2019\/10\/SL372389-225x300.jpg 225w, https:\/\/blechservise.com\/wp-content\/uploads\/2019\/10\/SL372389-768x1024.jpg 768w\" sizes=\"auto, (max-width: 225px) 100vw, 225px\" \/><\/a>\n\t\t\t<\/dt>\n\t\t\t\t<dd class='wp-caption-text gallery-caption' id='gallery-1-3265'>\n\t\t\t\t15\n\t\t\t\t<\/dd><\/dl><br style=\"clear: both\" \/>\n\t\t<\/div>\n\n","protected":false},"excerpt":{"rendered":"<p>Wohngeb\u00e4ude und Mehrfamilienh\u00e4user &#8211; Blehservice ist spezialisiert auf die Herstellung und Montage von Regenwasserentw\u00e4sserungssystemen von D\u00e4chern und Geb\u00e4uden aus Blech. Wir produzieren und vermarkten ovale Dachrinnen mit einer L\u00e4nge von bis zu 4 m. Zus\u00e4tzlich haben wir auch Eckst\u00fccke, Rohrb\u00f6gen und Auffangbeh\u00e4lter im Fertigungssortiment.<\/p>\n","protected":false},"author":1,"featured_media":0,"parent":0,"menu_order":0,"comment_status":"open","ping_status":"open","template":"","meta":{"footnotes":""},"class_list":["post-2712","page","type-page","status-publish","hentry"],"aioseo_notices":[],"_links":{"self":[{"href":"https:\/\/blechservise.com\/de\/wp-json\/wp\/v2\/pages\/2712","targetHints":{"allow":["GET"]}}],"collection":[{"href":"https:\/\/blechservise.com\/de\/wp-json\/wp\/v2\/pages"}],"about":[{"href":"https:\/\/blechservise.com\/de\/wp-json\/wp\/v2\/types\/page"}],"author":[{"embeddable":true,"href":"https:\/\/blechservise.com\/de\/wp-json\/wp\/v2\/users\/1"}],"replies":[{"embeddable":true,"href":"https:\/\/blechservise.com\/de\/wp-json\/wp\/v2\/comments?post=2712"}],"version-history":[{"count":6,"href":"https:\/\/blechservise.com\/de\/wp-json\/wp\/v2\/pages\/2712\/revisions"}],"predecessor-version":[{"id":3358,"href":"https:\/\/blechservise.com\/de\/wp-json\/wp\/v2\/pages\/2712\/revisions\/3358"}],"wp:attachment":[{"href":"https:\/\/blechservise.com\/de\/wp-json\/wp\/v2\/media?parent=2712"}],"curies":[{"name":"wp","href":"https:\/\/api.w.org\/{rel}","templated":true}]}}