{"id":2711,"date":"2018-02-15T16:49:07","date_gmt":"2018-02-15T16:49:07","guid":{"rendered":"https:\/\/blechservise.com\/%d0%b5%d0%b4%d0%bd%d0%be%d1%84%d0%b0%d0%bc%d0%b8%d0%bb%d0%bd%d0%b8-%d1%87%d0%b0%d1%81%d1%82%d0%bd%d0%b8-%d0%ba%d1%8a%d1%89%d0%b8-%d0%b8-%d0%b2%d0%b8%d0%bb%d0%b8\/"},"modified":"2025-05-15T12:25:27","modified_gmt":"2025-05-15T09:25:27","slug":"familienhaeuser-und-villen","status":"publish","type":"page","link":"https:\/\/blechservise.com\/de\/familienhaeuser-und-villen\/","title":{"rendered":"Familienh\u00e4user und Villen"},"content":{"rendered":"<p>Familienh\u00e4user und Villen&#8211; Blehservice ist spezialisiert auf die Herstellung und Montage von Regenwasserentw\u00e4sserungssystemen von D\u00e4chern und Geb\u00e4uden aus Blech. Wir produzieren und vermarkten ovale Dachrinnen mit einer L\u00e4nge von bis zu 4 m. Zus\u00e4tzlich haben wir auch Eckst\u00fccke, Rohrb\u00f6gen und Auffangbeh\u00e4lter im Fertigungssortiment.<\/p>\n\n\t\t<style type=\"text\/css\">\n\t\t\t#gallery-1 {\n\t\t\t\tmargin: auto;\n\t\t\t}\n\t\t\t#gallery-1 .gallery-item {\n\t\t\t\tfloat: left;\n\t\t\t\tmargin-top: 10px;\n\t\t\t\ttext-align: center;\n\t\t\t\twidth: 33%;\n\t\t\t}\n\t\t\t#gallery-1 img {\n\t\t\t\tborder: 2px solid #cfcfcf;\n\t\t\t}\n\t\t\t#gallery-1 .gallery-caption {\n\t\t\t\tmargin-left: 0;\n\t\t\t}\n\t\t\t\/* see gallery_shortcode() in wp-includes\/media.php *\/\n\t\t<\/style>\n\t\t<div id='gallery-1' class='gallery galleryid-2711 gallery-columns-3 gallery-size-medium'><dl class='gallery-item'>\n\t\t\t<dt class='gallery-icon landscape'>\n\t\t\t\t<a title=\"\u0415\u0434\u043d\u043e\u0444\u0430\u043c\u0438\u043b\u043d\u0438 \u0447\u0430\u0441\u0442\u043d\u0438 \u043a\u044a\u0449\u0438 \u0438 \u0432\u0438\u043b\u0438\" href='https:\/\/blechservise.com\/wp-content\/uploads\/2018\/02\/kashti1.jpg'><img loading=\"lazy\" decoding=\"async\" width=\"300\" height=\"225\" src=\"https:\/\/blechservise.com\/wp-content\/uploads\/2018\/02\/kashti1-300x225.jpg\" class=\"attachment-medium size-medium\" alt=\"\" aria-describedby=\"gallery-1-3154\" srcset=\"https:\/\/blechservise.com\/wp-content\/uploads\/2018\/02\/kashti1-300x225.jpg 300w, https:\/\/blechservise.com\/wp-content\/uploads\/2018\/02\/kashti1-768x576.jpg 768w, https:\/\/blechservise.com\/wp-content\/uploads\/2018\/02\/kashti1-1024x768.jpg 1024w\" sizes=\"auto, (max-width: 300px) 100vw, 300px\" \/><\/a>\n\t\t\t<\/dt>\n\t\t\t\t<dd class='wp-caption-text gallery-caption' id='gallery-1-3154'>\n\t\t\t\t1\n\t\t\t\t<\/dd><\/dl><dl class='gallery-item'>\n\t\t\t<dt class='gallery-icon landscape'>\n\t\t\t\t<a title=\"\u0415\u0434\u043d\u043e\u0444\u0430\u043c\u0438\u043b\u043d\u0438 \u0447\u0430\u0441\u0442\u043d\u0438 \u043a\u044a\u0449\u0438 \u0438 \u0432\u0438\u043b\u0438\" href='https:\/\/blechservise.com\/wp-content\/uploads\/2018\/02\/kashti18.jpg'><img loading=\"lazy\" decoding=\"async\" width=\"300\" height=\"225\" src=\"https:\/\/blechservise.com\/wp-content\/uploads\/2018\/02\/kashti18-300x225.jpg\" class=\"attachment-medium size-medium\" alt=\"\" aria-describedby=\"gallery-1-3171\" srcset=\"https:\/\/blechservise.com\/wp-content\/uploads\/2018\/02\/kashti18-300x225.jpg 300w, https:\/\/blechservise.com\/wp-content\/uploads\/2018\/02\/kashti18-768x576.jpg 768w, https:\/\/blechservise.com\/wp-content\/uploads\/2018\/02\/kashti18-1024x768.jpg 1024w\" sizes=\"auto, (max-width: 300px) 100vw, 300px\" \/><\/a>\n\t\t\t<\/dt>\n\t\t\t\t<dd class='wp-caption-text gallery-caption' id='gallery-1-3171'>\n\t\t\t\t2\n\t\t\t\t<\/dd><\/dl><dl class='gallery-item'>\n\t\t\t<dt class='gallery-icon landscape'>\n\t\t\t\t<a title=\"\u0415\u0434\u043d\u043e\u0444\u0430\u043c\u0438\u043b\u043d\u0438 \u0447\u0430\u0441\u0442\u043d\u0438 \u043a\u044a\u0449\u0438 \u0438 \u0432\u0438\u043b\u0438\" href='https:\/\/blechservise.com\/wp-content\/uploads\/2018\/02\/kashti19.jpg'><img loading=\"lazy\" decoding=\"async\" width=\"300\" height=\"225\" src=\"https:\/\/blechservise.com\/wp-content\/uploads\/2018\/02\/kashti19-300x225.jpg\" class=\"attachment-medium size-medium\" alt=\"\" aria-describedby=\"gallery-1-3172\" srcset=\"https:\/\/blechservise.com\/wp-content\/uploads\/2018\/02\/kashti19-300x225.jpg 300w, https:\/\/blechservise.com\/wp-content\/uploads\/2018\/02\/kashti19-768x576.jpg 768w, https:\/\/blechservise.com\/wp-content\/uploads\/2018\/02\/kashti19-1024x768.jpg 1024w\" sizes=\"auto, (max-width: 300px) 100vw, 300px\" \/><\/a>\n\t\t\t<\/dt>\n\t\t\t\t<dd class='wp-caption-text gallery-caption' id='gallery-1-3172'>\n\t\t\t\t3\n\t\t\t\t<\/dd><\/dl><br style=\"clear: both\" \/><dl class='gallery-item'>\n\t\t\t<dt class='gallery-icon landscape'>\n\t\t\t\t<a title=\"\u0415\u0434\u043d\u043e\u0444\u0430\u043c\u0438\u043b\u043d\u0438 \u0447\u0430\u0441\u0442\u043d\u0438 \u043a\u044a\u0449\u0438 \u0438 \u0432\u0438\u043b\u0438\" href='https:\/\/blechservise.com\/wp-content\/uploads\/2018\/02\/kashti20.jpg'><img loading=\"lazy\" decoding=\"async\" width=\"300\" height=\"225\" src=\"https:\/\/blechservise.com\/wp-content\/uploads\/2018\/02\/kashti20-300x225.jpg\" class=\"attachment-medium size-medium\" alt=\"\" srcset=\"https:\/\/blechservise.com\/wp-content\/uploads\/2018\/02\/kashti20-300x225.jpg 300w, https:\/\/blechservise.com\/wp-content\/uploads\/2018\/02\/kashti20-768x576.jpg 768w, https:\/\/blechservise.com\/wp-content\/uploads\/2018\/02\/kashti20-1024x768.jpg 1024w\" sizes=\"auto, (max-width: 300px) 100vw, 300px\" \/><\/a>\n\t\t\t<\/dt><\/dl><dl class='gallery-item'>\n\t\t\t<dt class='gallery-icon landscape'>\n\t\t\t\t<a title=\"\u0415\u0434\u043d\u043e\u0444\u0430\u043c\u0438\u043b\u043d\u0438 \u0447\u0430\u0441\u0442\u043d\u0438 \u043a\u044a\u0449\u0438 \u0438 \u0432\u0438\u043b\u0438\" href='https:\/\/blechservise.com\/wp-content\/uploads\/2018\/02\/kashti21.jpg'><img loading=\"lazy\" decoding=\"async\" width=\"300\" height=\"225\" src=\"https:\/\/blechservise.com\/wp-content\/uploads\/2018\/02\/kashti21-300x225.jpg\" class=\"attachment-medium size-medium\" alt=\"\" srcset=\"https:\/\/blechservise.com\/wp-content\/uploads\/2018\/02\/kashti21-300x225.jpg 300w, https:\/\/blechservise.com\/wp-content\/uploads\/2018\/02\/kashti21-768x576.jpg 768w, https:\/\/blechservise.com\/wp-content\/uploads\/2018\/02\/kashti21-1024x768.jpg 1024w\" sizes=\"auto, (max-width: 300px) 100vw, 300px\" \/><\/a>\n\t\t\t<\/dt><\/dl><dl class='gallery-item'>\n\t\t\t<dt class='gallery-icon landscape'>\n\t\t\t\t<a title=\"\u0415\u0434\u043d\u043e\u0444\u0430\u043c\u0438\u043b\u043d\u0438 \u0447\u0430\u0441\u0442\u043d\u0438 \u043a\u044a\u0449\u0438 \u0438 \u0432\u0438\u043b\u0438\" href='https:\/\/blechservise.com\/wp-content\/uploads\/2018\/02\/kashti22.jpg'><img loading=\"lazy\" decoding=\"async\" width=\"300\" height=\"225\" src=\"https:\/\/blechservise.com\/wp-content\/uploads\/2018\/02\/kashti22-300x225.jpg\" class=\"attachment-medium size-medium\" alt=\"\" srcset=\"https:\/\/blechservise.com\/wp-content\/uploads\/2018\/02\/kashti22-300x225.jpg 300w, https:\/\/blechservise.com\/wp-content\/uploads\/2018\/02\/kashti22-768x576.jpg 768w, https:\/\/blechservise.com\/wp-content\/uploads\/2018\/02\/kashti22-1024x768.jpg 1024w\" sizes=\"auto, (max-width: 300px) 100vw, 300px\" \/><\/a>\n\t\t\t<\/dt><\/dl><br style=\"clear: both\" \/><dl class='gallery-item'>\n\t\t\t<dt class='gallery-icon landscape'>\n\t\t\t\t<a title=\"SL372348\" href='https:\/\/blechservise.com\/wp-content\/uploads\/2019\/06\/SL372348.jpg'><img loading=\"lazy\" decoding=\"async\" width=\"300\" height=\"225\" src=\"https:\/\/blechservise.com\/wp-content\/uploads\/2019\/06\/SL372348-300x225.jpg\" class=\"attachment-medium size-medium\" alt=\"\" srcset=\"https:\/\/blechservise.com\/wp-content\/uploads\/2019\/06\/SL372348-300x225.jpg 300w, https:\/\/blechservise.com\/wp-content\/uploads\/2019\/06\/SL372348-768x576.jpg 768w, https:\/\/blechservise.com\/wp-content\/uploads\/2019\/06\/SL372348-1024x768.jpg 1024w\" sizes=\"auto, (max-width: 300px) 100vw, 300px\" \/><\/a>\n\t\t\t<\/dt><\/dl><dl class='gallery-item'>\n\t\t\t<dt class='gallery-icon landscape'>\n\t\t\t\t<a title=\"SL372350\" href='https:\/\/blechservise.com\/wp-content\/uploads\/2019\/06\/SL372350.jpg'><img loading=\"lazy\" decoding=\"async\" width=\"300\" height=\"225\" src=\"https:\/\/blechservise.com\/wp-content\/uploads\/2019\/06\/SL372350-300x225.jpg\" class=\"attachment-medium size-medium\" alt=\"\" srcset=\"https:\/\/blechservise.com\/wp-content\/uploads\/2019\/06\/SL372350-300x225.jpg 300w, https:\/\/blechservise.com\/wp-content\/uploads\/2019\/06\/SL372350-768x576.jpg 768w, https:\/\/blechservise.com\/wp-content\/uploads\/2019\/06\/SL372350-1024x768.jpg 1024w\" sizes=\"auto, (max-width: 300px) 100vw, 300px\" \/><\/a>\n\t\t\t<\/dt><\/dl><dl class='gallery-item'>\n\t\t\t<dt class='gallery-icon landscape'>\n\t\t\t\t<a title=\"SL372352\" href='https:\/\/blechservise.com\/wp-content\/uploads\/2019\/06\/SL372352.jpg'><img loading=\"lazy\" decoding=\"async\" width=\"300\" height=\"225\" src=\"https:\/\/blechservise.com\/wp-content\/uploads\/2019\/06\/SL372352-300x225.jpg\" class=\"attachment-medium size-medium\" alt=\"\" srcset=\"https:\/\/blechservise.com\/wp-content\/uploads\/2019\/06\/SL372352-300x225.jpg 300w, https:\/\/blechservise.com\/wp-content\/uploads\/2019\/06\/SL372352-768x576.jpg 768w, https:\/\/blechservise.com\/wp-content\/uploads\/2019\/06\/SL372352-1024x768.jpg 1024w\" sizes=\"auto, (max-width: 300px) 100vw, 300px\" \/><\/a>\n\t\t\t<\/dt><\/dl><br style=\"clear: both\" \/><dl class='gallery-item'>\n\t\t\t<dt class='gallery-icon landscape'>\n\t\t\t\t<a title=\"SL372354\" href='https:\/\/blechservise.com\/wp-content\/uploads\/2019\/06\/SL372354.jpg'><img loading=\"lazy\" decoding=\"async\" width=\"300\" height=\"225\" src=\"https:\/\/blechservise.com\/wp-content\/uploads\/2019\/06\/SL372354-300x225.jpg\" class=\"attachment-medium size-medium\" alt=\"\" srcset=\"https:\/\/blechservise.com\/wp-content\/uploads\/2019\/06\/SL372354-300x225.jpg 300w, https:\/\/blechservise.com\/wp-content\/uploads\/2019\/06\/SL372354-768x576.jpg 768w, https:\/\/blechservise.com\/wp-content\/uploads\/2019\/06\/SL372354-1024x768.jpg 1024w\" sizes=\"auto, (max-width: 300px) 100vw, 300px\" \/><\/a>\n\t\t\t<\/dt><\/dl><dl class='gallery-item'>\n\t\t\t<dt class='gallery-icon landscape'>\n\t\t\t\t<a title=\"SL372356\" href='https:\/\/blechservise.com\/wp-content\/uploads\/2019\/06\/SL372356.jpg'><img loading=\"lazy\" decoding=\"async\" width=\"300\" height=\"225\" src=\"https:\/\/blechservise.com\/wp-content\/uploads\/2019\/06\/SL372356-300x225.jpg\" class=\"attachment-medium size-medium\" alt=\"\" srcset=\"https:\/\/blechservise.com\/wp-content\/uploads\/2019\/06\/SL372356-300x225.jpg 300w, https:\/\/blechservise.com\/wp-content\/uploads\/2019\/06\/SL372356-768x576.jpg 768w, https:\/\/blechservise.com\/wp-content\/uploads\/2019\/06\/SL372356-1024x768.jpg 1024w\" sizes=\"auto, (max-width: 300px) 100vw, 300px\" \/><\/a>\n\t\t\t<\/dt><\/dl><dl class='gallery-item'>\n\t\t\t<dt class='gallery-icon landscape'>\n\t\t\t\t<a title=\"SL372342\" href='https:\/\/blechservise.com\/wp-content\/uploads\/2019\/06\/SL372342.jpg'><img loading=\"lazy\" decoding=\"async\" width=\"300\" height=\"225\" src=\"https:\/\/blechservise.com\/wp-content\/uploads\/2019\/06\/SL372342-300x225.jpg\" class=\"attachment-medium size-medium\" alt=\"\" srcset=\"https:\/\/blechservise.com\/wp-content\/uploads\/2019\/06\/SL372342-300x225.jpg 300w, https:\/\/blechservise.com\/wp-content\/uploads\/2019\/06\/SL372342-768x576.jpg 768w, https:\/\/blechservise.com\/wp-content\/uploads\/2019\/06\/SL372342-1024x768.jpg 1024w\" sizes=\"auto, (max-width: 300px) 100vw, 300px\" \/><\/a>\n\t\t\t<\/dt><\/dl><br style=\"clear: both\" \/><dl class='gallery-item'>\n\t\t\t<dt class='gallery-icon landscape'>\n\t\t\t\t<a title=\"SL372345\" href='https:\/\/blechservise.com\/wp-content\/uploads\/2019\/06\/SL372345.jpg'><img loading=\"lazy\" decoding=\"async\" width=\"300\" height=\"225\" src=\"https:\/\/blechservise.com\/wp-content\/uploads\/2019\/06\/SL372345-300x225.jpg\" class=\"attachment-medium size-medium\" alt=\"\" srcset=\"https:\/\/blechservise.com\/wp-content\/uploads\/2019\/06\/SL372345-300x225.jpg 300w, https:\/\/blechservise.com\/wp-content\/uploads\/2019\/06\/SL372345-768x576.jpg 768w, https:\/\/blechservise.com\/wp-content\/uploads\/2019\/06\/SL372345-1024x768.jpg 1024w\" sizes=\"auto, (max-width: 300px) 100vw, 300px\" \/><\/a>\n\t\t\t<\/dt><\/dl><dl class='gallery-item'>\n\t\t\t<dt class='gallery-icon landscape'>\n\t\t\t\t<a title=\"SL372346\" href='https:\/\/blechservise.com\/wp-content\/uploads\/2019\/06\/SL372346.jpg'><img loading=\"lazy\" decoding=\"async\" width=\"300\" height=\"225\" src=\"https:\/\/blechservise.com\/wp-content\/uploads\/2019\/06\/SL372346-300x225.jpg\" class=\"attachment-medium size-medium\" alt=\"\" srcset=\"https:\/\/blechservise.com\/wp-content\/uploads\/2019\/06\/SL372346-300x225.jpg 300w, https:\/\/blechservise.com\/wp-content\/uploads\/2019\/06\/SL372346-768x576.jpg 768w, https:\/\/blechservise.com\/wp-content\/uploads\/2019\/06\/SL372346-1024x768.jpg 1024w\" sizes=\"auto, (max-width: 300px) 100vw, 300px\" \/><\/a>\n\t\t\t<\/dt><\/dl><dl class='gallery-item'>\n\t\t\t<dt class='gallery-icon landscape'>\n\t\t\t\t<a title=\"SL372347\" href='https:\/\/blechservise.com\/wp-content\/uploads\/2019\/06\/SL372347.jpg'><img loading=\"lazy\" decoding=\"async\" width=\"300\" height=\"225\" src=\"https:\/\/blechservise.com\/wp-content\/uploads\/2019\/06\/SL372347-300x225.jpg\" class=\"attachment-medium size-medium\" alt=\"\" srcset=\"https:\/\/blechservise.com\/wp-content\/uploads\/2019\/06\/SL372347-300x225.jpg 300w, https:\/\/blechservise.com\/wp-content\/uploads\/2019\/06\/SL372347-768x576.jpg 768w, https:\/\/blechservise.com\/wp-content\/uploads\/2019\/06\/SL372347-1024x768.jpg 1024w\" sizes=\"auto, (max-width: 300px) 100vw, 300px\" \/><\/a>\n\t\t\t<\/dt><\/dl><br style=\"clear: both\" \/><dl class='gallery-item'>\n\t\t\t<dt class='gallery-icon portrait'>\n\t\t\t\t<a title=\"SL372368\" href='https:\/\/blechservise.com\/wp-content\/uploads\/2019\/06\/SL372368.jpg'><img loading=\"lazy\" decoding=\"async\" width=\"225\" height=\"300\" src=\"https:\/\/blechservise.com\/wp-content\/uploads\/2019\/06\/SL372368-225x300.jpg\" class=\"attachment-medium size-medium\" alt=\"\" srcset=\"https:\/\/blechservise.com\/wp-content\/uploads\/2019\/06\/SL372368-225x300.jpg 225w, https:\/\/blechservise.com\/wp-content\/uploads\/2019\/06\/SL372368-768x1024.jpg 768w\" sizes=\"auto, (max-width: 225px) 100vw, 225px\" \/><\/a>\n\t\t\t<\/dt><\/dl><dl class='gallery-item'>\n\t\t\t<dt class='gallery-icon landscape'>\n\t\t\t\t<a title=\"SL372369\" href='https:\/\/blechservise.com\/wp-content\/uploads\/2019\/06\/SL372369.jpg'><img loading=\"lazy\" decoding=\"async\" width=\"300\" height=\"225\" src=\"https:\/\/blechservise.com\/wp-content\/uploads\/2019\/06\/SL372369-300x225.jpg\" class=\"attachment-medium size-medium\" alt=\"\" srcset=\"https:\/\/blechservise.com\/wp-content\/uploads\/2019\/06\/SL372369-300x225.jpg 300w, https:\/\/blechservise.com\/wp-content\/uploads\/2019\/06\/SL372369-768x576.jpg 768w, https:\/\/blechservise.com\/wp-content\/uploads\/2019\/06\/SL372369-1024x768.jpg 1024w\" sizes=\"auto, (max-width: 300px) 100vw, 300px\" \/><\/a>\n\t\t\t<\/dt><\/dl><dl class='gallery-item'>\n\t\t\t<dt class='gallery-icon landscape'>\n\t\t\t\t<a title=\"SL372371\" href='https:\/\/blechservise.com\/wp-content\/uploads\/2019\/06\/SL372371.jpg'><img loading=\"lazy\" decoding=\"async\" width=\"300\" height=\"225\" src=\"https:\/\/blechservise.com\/wp-content\/uploads\/2019\/06\/SL372371-300x225.jpg\" class=\"attachment-medium size-medium\" alt=\"\" srcset=\"https:\/\/blechservise.com\/wp-content\/uploads\/2019\/06\/SL372371-300x225.jpg 300w, https:\/\/blechservise.com\/wp-content\/uploads\/2019\/06\/SL372371-768x576.jpg 768w, https:\/\/blechservise.com\/wp-content\/uploads\/2019\/06\/SL372371-1024x768.jpg 1024w\" sizes=\"auto, (max-width: 300px) 100vw, 300px\" \/><\/a>\n\t\t\t<\/dt><\/dl><br style=\"clear: both\" \/><dl class='gallery-item'>\n\t\t\t<dt class='gallery-icon landscape'>\n\t\t\t\t<a title=\"SL372373\" href='https:\/\/blechservise.com\/wp-content\/uploads\/2019\/06\/SL372373.jpg'><img loading=\"lazy\" decoding=\"async\" width=\"300\" height=\"225\" src=\"https:\/\/blechservise.com\/wp-content\/uploads\/2019\/06\/SL372373-300x225.jpg\" class=\"attachment-medium size-medium\" alt=\"\" srcset=\"https:\/\/blechservise.com\/wp-content\/uploads\/2019\/06\/SL372373-300x225.jpg 300w, https:\/\/blechservise.com\/wp-content\/uploads\/2019\/06\/SL372373-768x576.jpg 768w, https:\/\/blechservise.com\/wp-content\/uploads\/2019\/06\/SL372373-1024x768.jpg 1024w\" sizes=\"auto, (max-width: 300px) 100vw, 300px\" \/><\/a>\n\t\t\t<\/dt><\/dl><dl class='gallery-item'>\n\t\t\t<dt class='gallery-icon landscape'>\n\t\t\t\t<a title=\"SL372374\" href='https:\/\/blechservise.com\/wp-content\/uploads\/2019\/06\/SL372374.jpg'><img loading=\"lazy\" decoding=\"async\" width=\"300\" height=\"225\" src=\"https:\/\/blechservise.com\/wp-content\/uploads\/2019\/06\/SL372374-300x225.jpg\" class=\"attachment-medium size-medium\" alt=\"\" srcset=\"https:\/\/blechservise.com\/wp-content\/uploads\/2019\/06\/SL372374-300x225.jpg 300w, https:\/\/blechservise.com\/wp-content\/uploads\/2019\/06\/SL372374-768x576.jpg 768w, https:\/\/blechservise.com\/wp-content\/uploads\/2019\/06\/SL372374-1024x768.jpg 1024w\" sizes=\"auto, (max-width: 300px) 100vw, 300px\" \/><\/a>\n\t\t\t<\/dt><\/dl>\n\t\t\t<br style='clear: both' \/>\n\t\t<\/div>\n\n","protected":false},"excerpt":{"rendered":"<p>Familienh\u00e4user und Villen&#8211; Blehservice ist spezialisiert auf die Herstellung und Montage von Regenwasserentw\u00e4sserungssystemen von D\u00e4chern und Geb\u00e4uden aus Blech. Wir produzieren und vermarkten ovale Dachrinnen mit einer L\u00e4nge von bis zu 4 m. Zus\u00e4tzlich haben wir auch Eckst\u00fccke, Rohrb\u00f6gen und Auffangbeh\u00e4lter im Fertigungssortiment.<\/p>\n","protected":false},"author":1,"featured_media":0,"parent":0,"menu_order":0,"comment_status":"closed","ping_status":"closed","template":"","meta":{"footnotes":""},"class_list":["post-2711","page","type-page","status-publish","hentry"],"aioseo_notices":[],"_links":{"self":[{"href":"https:\/\/blechservise.com\/de\/wp-json\/wp\/v2\/pages\/2711","targetHints":{"allow":["GET"]}}],"collection":[{"href":"https:\/\/blechservise.com\/de\/wp-json\/wp\/v2\/pages"}],"about":[{"href":"https:\/\/blechservise.com\/de\/wp-json\/wp\/v2\/types\/page"}],"author":[{"embeddable":true,"href":"https:\/\/blechservise.com\/de\/wp-json\/wp\/v2\/users\/1"}],"replies":[{"embeddable":true,"href":"https:\/\/blechservise.com\/de\/wp-json\/wp\/v2\/comments?post=2711"}],"version-history":[{"count":7,"href":"https:\/\/blechservise.com\/de\/wp-json\/wp\/v2\/pages\/2711\/revisions"}],"predecessor-version":[{"id":3359,"href":"https:\/\/blechservise.com\/de\/wp-json\/wp\/v2\/pages\/2711\/revisions\/3359"}],"wp:attachment":[{"href":"https:\/\/blechservise.com\/de\/wp-json\/wp\/v2\/media?parent=2711"}],"curies":[{"name":"wp","href":"https:\/\/api.w.org\/{rel}","templated":true}]}}