{"id":2710,"date":"2018-02-09T11:19:26","date_gmt":"2018-02-09T11:19:26","guid":{"rendered":"https:\/\/blechservise.com\/%d0%bd%d0%b0%d1%87%d0%b0%d0%bb%d0%be\/"},"modified":"2020-01-16T20:59:08","modified_gmt":"2020-01-16T18:59:08","slug":"%d0%bd%d0%b0%d1%87%d0%b0%d0%bb%d0%be","status":"publish","type":"page","link":"https:\/\/blechservise.com\/de\/","title":{"rendered":"Start"},"content":{"rendered":"<p><strong><a href=\"https:\/\/blechservise.com\/\"><span style=\"color: #a9d9ef; font-size: x-large;\">BLECHSERVICE EOOD<\/span><\/a><\/strong><\/p>\n<h4>Das Dach<\/h4>\n<h4>Ob es sich um ein Wohn- oder Gesch\u00e4ftsgeb\u00e4ude handelt, dieser Geb\u00e4udeteil sch\u00fctzt die gesamte Struktur von oben buchst\u00e4blich \u201egegen Wind und Wetter\u201c. Daher muss das Dach nach allen Regeln der Handwerkskunst ausgelegt und ausgef\u00fchrt werden, nur dann ist es lange stabil.<\/h4>\n<h4>Die Dachbel\u00fcftung<\/h4>\n<h4>Jeder Schritt beim Bau des Dachs Systems und seiner ordnungsgem\u00e4\u00dfen Umsetzung ist ein Schritt in Richtung des erforderlichen Wohnkomforts. Ein wichtiges Element f\u00fcr die Leistung des Daches ist seine Bel\u00fcftung. Die Luftzirkulation auf dem Dachboden und die Bewegung des Luftstroms von unten nach oben (von der Dachrinne zum First) gew\u00e4hrleisten die Entfernung von Kondenswasser, das sich w\u00e4hrend der Nacht bei Schneefall, Frost oder kaltem Regen angesammelt hat, sowie von eingedrungener Feuchtigkeit von den R\u00e4umlichkeiten unter dem Dach. Die Vorteile eines bel\u00fcfteten Daches sind insbesondere bei bewohnbaren Dachr\u00e4umen unbestritten. Das bel\u00fcftete Dach ist eines der wichtigsten Elemente des Hauses. Es muss von guter Qualit\u00e4t sein, um einen zuverl\u00e4ssigen Schutz zu gew\u00e4hrleisten.<\/h4>\n<h4>Dachentw\u00e4sserung<\/h4>\n<h4>Besondere Aufmerksamkeit sollte der fachgerechten Entw\u00e4sserung gewidmet werden. Bei starkem Regen kann die Menge an Wasser, die sich auf dem Dach ansammelt, extrem schnell wachsen. Dies kann die Geb\u00e4udestruktur extrem belasten. Daher m\u00fcssen funktionale L\u00f6sungen verwendet werden, die eine effiziente Entw\u00e4sserung und einen Schutz des Geb\u00e4udes gew\u00e4hrleisten.<\/h4>\n<h4>Metalldach<\/h4>\n<h4>Wenn man von einem Dach spricht, vertehen das die meisten Menschen als ein Ziegeldach oder ein Flachdach. Es gibt jedoch eine Oberfl\u00e4che, die viel vielseitiger und besser anwendbar ist &#8211; die Metalld\u00e4cher. Metalloberfl\u00e4chen zeichnen sich dadurch aus, dass sie universell einsetzbar sind. Von der f\u00fcr ein Flachdach charakteristischen Mindestneigung (5%) bis zur vollst\u00e4ndig senkrechten Konstruktionen, von sonnenreichen Gebieten bis zu Bergh\u00fctten. Von einfachen einlagigen D\u00e4chern bis zu elliptischen Kuppeln.<\/h4>\n<h4>Vorteile gegen\u00fcber anderen Dacheindeckungen:<\/h4>\n<h4>&#8211; Altern nicht vom Sonnenlicht (im Gegensatz zu den meisten Dachoberfl\u00e4chen)<\/h4>\n<h4>&#8211; Sind nicht anf\u00e4llig f\u00fcr Frost und niedrige Temperaturen (im Gegensatz zu den meisten Dachoberfl\u00e4chen)<\/h4>\n<h4>&#8211; Sind nicht leicht mechanisch zu besch\u00e4digen (z.B. durch Hagel oder menschlicher T\u00e4tigkeit)<\/h4>\n<h4>&#8211; In der Regel in einer durchgehenden Hanglage verlegt (im Gegensatz zu Ziegeln und Schindeln)<\/h4>\n<h4>&#8211; Flexibilit\u00e4t der Arbeit, da der Dachdecker mit dem Metall die F\u00e4higkeit hat, jede komplexe Form abzudecken. Dies ist auch der Grund, weshalb das Blech ein Basismaterial f\u00fcr Dachbauteile ist.<\/h4>\n<h4>BLEHSERVICE EOOD ist auf die Herstellung und Montage von Regenwasser-Entw\u00e4sserungssystemen f\u00fcr D\u00e4cher und Geb\u00e4ude spezialisiert.<\/h4>\n<h4>Komplette Blechdachabdeckung mit:<\/h4>\n<h4>&#8211; Zink- und Polyesterbeschichtung<\/h4>\n<h4>-Zinkbeschichtung<\/h4>\n<h4>&#8211; Kupfer<\/h4>\n<h4>Die Geb\u00e4udetypen, auf denen wir unsere T\u00e4tigkeiten realisieren, sind:<\/h4>\n<h4><\/h4>\n<p><strong>&#8211; <a href=\"https:\/\/blechservise.com\/de\/wohngebaeude-und-mehrfamilienhaeuser\/\">Wohngeb\u00e4ude und Mehrfamilienh\u00e4user<\/a><br \/>\n&#8211; <a href=\"https:\/\/blechservise.com\/de\/familienhaeuser-und-villen\/\">Familienh\u00e4user und Villen<\/a><br \/>\n&#8211; <a href=\"https:\/\/blechservise.com\/de\/oeffentliche-und-administrative-gebaeude\/\">\u00d6ffentliche und administrative Geb\u00e4ude<\/a><br \/>\n&#8211; <a href=\"https:\/\/blechservise.com\/de\/produktions-und-lagerhallen\/\">Produktions- und Lagerhallen<\/a><br \/>\n&#8211; <a href=\"https:\/\/blechservise.com\/de\/kuppeln-von-kirchen\/\">Kuppeln von Kirchen<\/a><br \/>\n&#8211; <a href=\"https:\/\/blechservise.com\/de\/komplette-falzsysteme\/\">Komplette Falzsysteme nach dem System der deutschen Firma \u00ab<\/a><a title=\"SCHLEBACH\" href=\"http:\/\/www.schlebach.de\/index.php\/products.html\" target=\"_blank\" rel=\"noopener\">Schlebach<\/a><a href=\"https:\/\/blechservise.com\/%d0%bf%d0%be%d0%ba%d1%80%d0%b8%d0%b2%d0%bd%d0%b0-%d0%be%d0%b1%d1%88%d0%b8%d0%b2%d0%ba%d0%b0-%d0%bf%d0%be-%d1%84%d0%b0%d0%bb%d1%86%d0%be%d0%b2%d0%b0-%d1%81%d0%b8%d1%81%d1%82%d0%b5%d0%bc%d0%b0\/\">\u00bb<\/a><\/h4>\n<h4>In unserer jangj\u00e4hrigen Berufserfahrung nehmen wir unseren Beruf als Berufung an und tun dies mit Flei\u00df und Hingabe. Unsere zahlreichen Projekte und all unsere zufriedenen Kunden spornen uns weiter an und sind ein Beweis f\u00fcr unsere guten Leistungen.<\/strong><\/p>\n","protected":false},"excerpt":{"rendered":"<p>BLECHSERVICE EOOD Das Dach Ob es sich um ein Wohn- oder Gesch\u00e4ftsgeb\u00e4ude handelt, dieser Geb\u00e4udeteil sch\u00fctzt die gesamte Struktur von oben buchst\u00e4blich \u201egegen Wind und Wetter\u201c. Daher muss das Dach nach allen Regeln der Handwerkskunst ausgelegt und ausgef\u00fchrt werden, nur dann ist es lange stabil. Die Dachbel\u00fcftung Jeder Schritt beim Bau des Dachs Systems und [&hellip;]<\/p>\n","protected":false},"author":1,"featured_media":0,"parent":0,"menu_order":0,"comment_status":"closed","ping_status":"closed","template":"","meta":{"footnotes":""},"class_list":["post-2710","page","type-page","status-publish","hentry"],"aioseo_notices":[],"_links":{"self":[{"href":"https:\/\/blechservise.com\/de\/wp-json\/wp\/v2\/pages\/2710","targetHints":{"allow":["GET"]}}],"collection":[{"href":"https:\/\/blechservise.com\/de\/wp-json\/wp\/v2\/pages"}],"about":[{"href":"https:\/\/blechservise.com\/de\/wp-json\/wp\/v2\/types\/page"}],"author":[{"embeddable":true,"href":"https:\/\/blechservise.com\/de\/wp-json\/wp\/v2\/users\/1"}],"replies":[{"embeddable":true,"href":"https:\/\/blechservise.com\/de\/wp-json\/wp\/v2\/comments?post=2710"}],"version-history":[{"count":22,"href":"https:\/\/blechservise.com\/de\/wp-json\/wp\/v2\/pages\/2710\/revisions"}],"predecessor-version":[{"id":2832,"href":"https:\/\/blechservise.com\/de\/wp-json\/wp\/v2\/pages\/2710\/revisions\/2832"}],"wp:attachment":[{"href":"https:\/\/blechservise.com\/de\/wp-json\/wp\/v2\/media?parent=2710"}],"curies":[{"name":"wp","href":"https:\/\/api.w.org\/{rel}","templated":true}]}}